{"id":971,"date":"2025-05-22T12:59:02","date_gmt":"2025-05-22T10:59:02","guid":{"rendered":"https:\/\/taniaestetica.com\/confirmacion-de-cancelacion\/"},"modified":"2025-05-22T13:36:33","modified_gmt":"2025-05-22T11:36:33","slug":"confirmacion-de-cancelacion","status":"publish","type":"page","link":"https:\/\/taniaestetica.com\/es\/confirmacion-de-cancelacion\/","title":{"rendered":"Confirmaci\u00f3n de cancelaci\u00f3n"},"content":{"rendered":"<div class=\"wpb-content-wrapper\"><p>[vc_section full_width=\u00bbstretch_row\u00bb conditional_render=\u00bb%5B%7B%22value_role%22%3A%22administrator%22%7D%5D\u00bb css=\u00bb.vc_custom_1700833045364{background-image: url(https:\/\/taniaestetica.com\/wp-content\/uploads\/2023\/11\/shape-02.png?id=447) !important;background-position: 0 0 !important;background-repeat: no-repeat !important;}\u00bb el_class=\u00bbmlh_bg1&#8243;][vc_row][vc_column][vc_column_text css=\u00bb\u00bb css_params=\u00bb\u00bb]<\/p>\n<p style=\"text-align: center;\">\u00bfEst\u00e1s segura de que quieres cancelar tu cita?<\/p>\n<p style=\"text-align: center;\">Si continuas, esta reserva quedar\u00e1 anulada autom\u00e1ticamente y podr\u00e1s reservar una nueva hora si lo deseas.<\/p>\n<p style=\"text-align: center;\"><div id=\"bookly-tbs\" class=\"bookly-js-cancellation-confirmation\">\n            <div class=\"text-center\">\n            <div>\n                <i class=\"fa fa-fw fas fa-exclamation-triangle fa-2x text-danger\"><\/i> Ups!            <\/div>\n            <div>Esta cita no existe.<\/div>\n        <\/div>\n    <\/div>\n<script type=\"text\/javascript\">\n    let booklyCancelConfirmationUrl = \"https:\\\/\\\/taniaestetica.com\\\/wp-admin\\\/admin-ajax.php?action=bookly_cancel_appointment\";\n    \/\/ Click on 'Do not cancel' button\n    let links = document.getElementsByClassName('bookly-js-cancellation-confirmation-no');\n    for (var i = 0; i < links.length; i++) {\n        if (links[i].onclick == undefined) {\n            links[i].onclick = function (e) {\n                e.preventDefault();\n                var container = this.closest('.bookly-js-cancellation-confirmation'),\n                    buttons = container.getElementsByClassName('bookly-js-cancellation-confirmation-buttons')[0],\n                    message = container.getElementsByClassName('bookly-js-cancellation-confirmation-message')[0];\n                buttons.style.display = 'none';\n                message.style.display = 'inline';\n            };\n        }\n    }\n    \/\/ Click on 'Confirm cancellation' button\n    links = document.getElementsByClassName('bookly-js-cancellation-confirmation-yes');\n    for (i = 0; i < links.length; i++) {\n        if (links[i].onclick == undefined) {\n            links[i].onclick = function (e) {\n                e.preventDefault();\n                var url = booklyCancelConfirmationUrl + String.fromCharCode(38) + 'token=' + this.dataset.token,\n                    $reason = this.closest('.bookly-js-cancellation-confirmation-buttons').querySelector('.bookly-js-cancellation-confirmation-reason');\n                if ($reason !== null) {\n                    url += String.fromCharCode(38) + 'reason=' + encodeURIComponent($reason.value)\n                }\n                window.location.replace(url)\n            };\n        }\n    }\n    <\/script><\/p>\n<p style=\"text-align: center;\">Si tienes alguna duda, puedes contactar con nosotros en <a href=\"mailto:info@taniaestetica.com\">info@taniaestetica.com<\/a> .<\/p>\n<p>[\/vc_column_text][vc_empty_space][\/vc_column][\/vc_row][\/vc_section][vc_row full_width=\u00bbstretch_row\u00bb conditional_render=\u00bb%5B%7B%22value_role%22%3A%22administrator%22%7D%5D\u00bb el_id=\u00bbpackserveis\u00bb][vc_column]<div class=\"porto-block\" data-id=\"636\"><style>.vc_custom_1701962816041{padding-top: 50px !important;padding-bottom: 50px !important;}.vc_custom_1701967649145{margin-bottom: 5px !important;}.vc_custom_1701963018940{margin-top: 30px !important;margin-bottom: 30px !important;}.vc_custom_1712321392067{margin-bottom: 0px !important;}.vc_custom_1703148679906{background-position: center !important;background-repeat: no-repeat !important;background-size: cover !important;}.vc_custom_1702386051931{background-position: center !important;background-repeat: no-repeat !important;background-size: cover !important;}.wpb_custom_77148194d932ca96458a5a3b69e8898f.porto-sicon-box.top-icon{text-align: center;}.wpb_custom_77148194d932ca96458a5a3b69e8898f .porto-sicon-title{font-weight:700;font-size:1.5rem;}.wpb_custom_77148194d932ca96458a5a3b69e8898f .porto-sicon-header p{font-family:Josefin Sans;font-weight:800;font-size:2.2rem;}<\/style>[vc_section full_width=\"stretch_row\" conditional_render=\"%5B%7B%22value_role%22%3A%22administrator%22%7D%5D\" css=\".vc_custom_1701962816041{padding-top: 50px !important;padding-bottom: 50px !important;}\" el_id=\"packs\"][vc_row conditional_render=\"%5B%7B%22value_role%22%3A%22administrator%22%7D%5D\"][vc_column conditional_render=\"%5B%7B%22value_role%22%3A%22administrator%22%7D%5D\"][vc_custom_heading text=\"Packs sesiones\" font_container=\"tag:h2|font_size:3em|text_align:center|line_height:1.2em\" google_fonts=\"font_family:Josefin%20Sans%3A100%2C100italic%2C300%2C300italic%2Cregular%2Citalic%2C600%2C600italic%2C700%2C700italic|font_style:700%20bold%20italic%3A700%3Aitalic\" animation_delay=\"200\" animation_type=\"fadeInUp\" css=\".vc_custom_1701967649145{margin-bottom: 5px !important;}\"][vc_row_inner css=\".vc_custom_1701963018940{margin-top: 30px !important;margin-bottom: 30px !important;}\"][vc_column_inner width=\"1\/6\"][\/vc_column_inner][vc_column_inner width=\"1\/3\"]<div class=\"porto-sicon-box  vc_custom_1703148679906 mlh_packbono  wpb_custom_77148194d932ca96458a5a3b69e8898f style_1 top-icon\"><div class=\"porto-sicon-header\" style=\"margin-bottom:0px;\"><h3 class=\"porto-sicon-title\" style=\"margin-bottom:10px;\">Bono 5 sesiones<\/h3><p style=\"color:#a4c786;\">10%<\/p><\/div> <!-- header --><div class=\"porto-sicon-description\" style=\"\">\r\n\r\n<span style=\"font-size: 14px;\">Aplicable a todos nuestros masajes y tratamientos.<\/span>\r\n\r\n<\/div> <!-- description --><\/div><!-- porto-sicon-box -->[\/vc_column_inner][vc_column_inner width=\"1\/3\"]<div class=\"porto-sicon-box  vc_custom_1702386051931 mlh_packbono  wpb_custom_77148194d932ca96458a5a3b69e8898f style_1 top-icon\"><div class=\"porto-sicon-header\" style=\"margin-bottom:0px;\"><h3 class=\"porto-sicon-title\" style=\"margin-bottom:10px;\">Bono 10 sesiones<\/h3><p style=\"color:#a4c786;\">20%<\/p><\/div> <!-- header --><div class=\"porto-sicon-description\" style=\"\"><span style=\"font-size: 14px;\">Aplicable a todos nuestros masajes y tratamientos.<\/span><\/div> <!-- description --><\/div><!-- porto-sicon-box -->[\/vc_column_inner][vc_column_inner width=\"1\/6\"][\/vc_column_inner][\/vc_row_inner][vc_btn title=\"Servicios\" style=\"modern\" shape=\"round\" align=\"center\" skin=\"primary\" btn_fs=\"0.9rem\" btn_fw=\"600\" btn_ls=\"2px\" animation_delay=\"500\" btn_px=\"2.4rem\" btn_py=\"0.8rem\" el_class=\"mr-2 mb-3 mb-md-0\" animation_type=\"fadeInUp\" link=\"url:%2Fes%2Fservicios%2F|title:Servicios\" css=\".vc_custom_1712321392067{margin-bottom: 0px !important;}\"][\/vc_column][\/vc_row][\/vc_section]<\/div>[\/vc_column][\/vc_row]<\/p>\n<\/div>","protected":false},"excerpt":{"rendered":"<p>[vc_section full_width=\u00bbstretch_row\u00bb conditional_render=\u00bb%5B%7B%22value_role%22%3A%22administrator%22%7D%5D\u00bb css=\u00bb.vc_custom_1700833045364{background-image: url(https:\/\/taniaestetica.com\/wp-content\/uploads\/2023\/11\/shape-02.png?id=447) !important;background-position: 0 0 !important;background-repeat: no-repeat !important;}\u00bb el_class=\u00bbmlh_bg1&#8243;][vc_row][vc_column][vc_column_text css=\u00bb\u00bb css_params=\u00bb\u00bb] \u00bfEst\u00e1s segura de que quieres cancelar tu cita? Si continuas, esta reserva quedar\u00e1 anulada autom\u00e1ticamente y podr\u00e1s reservar una nueva hora si lo deseas. Si tienes alguna duda, puedes contactar con nosotros en info@taniaestetica.com . [\/vc_column_text][vc_empty_space][\/vc_column][\/vc_row][\/vc_section][vc_row full_width=\u00bbstretch_row\u00bb conditional_render=\u00bb%5B%7B%22value_role%22%3A%22administrator%22%7D%5D\u00bb el_id=\u00bbpackserveis\u00bb][vc_column][\/vc_column][\/vc_row]<\/p>\n","protected":false},"author":1,"featured_media":0,"parent":0,"menu_order":0,"comment_status":"closed","ping_status":"closed","template":"","meta":{"_seopress_robots_primary_cat":"","_seopress_titles_title":"%%post_title%% %%sep%% %%sitetitle%%, %%tagline%%","_seopress_titles_desc":"Tania Est\u00e9tica y Terapias: Tratamientos corporales para todos los gustos y necesidades.","_seopress_robots_index":"","_joinchat":[],"footnotes":""},"class_list":["post-971","page","type-page","status-publish","hentry"],"_links":{"self":[{"href":"https:\/\/taniaestetica.com\/es\/wp-json\/wp\/v2\/pages\/971","targetHints":{"allow":["GET"]}}],"collection":[{"href":"https:\/\/taniaestetica.com\/es\/wp-json\/wp\/v2\/pages"}],"about":[{"href":"https:\/\/taniaestetica.com\/es\/wp-json\/wp\/v2\/types\/page"}],"author":[{"embeddable":true,"href":"https:\/\/taniaestetica.com\/es\/wp-json\/wp\/v2\/users\/1"}],"replies":[{"embeddable":true,"href":"https:\/\/taniaestetica.com\/es\/wp-json\/wp\/v2\/comments?post=971"}],"version-history":[{"count":2,"href":"https:\/\/taniaestetica.com\/es\/wp-json\/wp\/v2\/pages\/971\/revisions"}],"predecessor-version":[{"id":977,"href":"https:\/\/taniaestetica.com\/es\/wp-json\/wp\/v2\/pages\/971\/revisions\/977"}],"wp:attachment":[{"href":"https:\/\/taniaestetica.com\/es\/wp-json\/wp\/v2\/media?parent=971"}],"curies":[{"name":"wp","href":"https:\/\/api.w.org\/{rel}","templated":true}]}}